{"id":270,"date":"2018-10-23T09:49:26","date_gmt":"2018-10-23T08:49:26","guid":{"rendered":"http:\/\/ermazaden.com\/about\/"},"modified":"2019-01-07T08:25:34","modified_gmt":"2019-01-07T08:25:34","slug":"about","status":"publish","type":"page","link":"https:\/\/ermazaden.com\/es\/about\/","title":{"rendered":"Sobre Nosotros"},"content":{"rendered":"<section class=\"av_textblock_section \"  itemscope=\"itemscope\" itemtype=\"https:\/\/schema.org\/CreativeWork\" ><div class='avia_textblock  '   itemprop=\"text\" ><h4>Erma Zaden fue fundada en 1992 en Holanda.<br \/>\nLa compa\u00f1\u00eda desarrolla, produce y comercializa sus variedades de hortalizas en Europa, Asia, Am\u00e9rica del Norte , Am\u00e9rica Latina, \u00c1frica y Mediterr\u00e1neo.<\/h4>\n<p>Nuestras variedades son seleccionadas, desarrolladas, mejoradas y producidas para que sean altas en calidad, resistencia, rendimiento, vida post cosecha, maduracion y pureza utilizando una combinacion de anios de experiencia, tecnologias de vanguardia y metodos tradicionales que son ampliamente adecuados a las necesidades de los distintos cultivos y mercados mundiales.<\/p>\n<p><img loading=\"lazy\" decoding=\"async\" class=\"alignnone size-full wp-image-135\" src=\"https:\/\/ermazaden.com\/wp-content\/uploads\/2018\/10\/ermaabout.jpg\" alt=\"\" width=\"900\" height=\"374\" srcset=\"https:\/\/ermazaden.com\/wp-content\/uploads\/2018\/10\/ermaabout.jpg 900w, https:\/\/ermazaden.com\/wp-content\/uploads\/2018\/10\/ermaabout-300x125.jpg 300w, https:\/\/ermazaden.com\/wp-content\/uploads\/2018\/10\/ermaabout-768x319.jpg 768w, https:\/\/ermazaden.com\/wp-content\/uploads\/2018\/10\/ermaabout-705x293.jpg 705w, https:\/\/ermazaden.com\/wp-content\/uploads\/2018\/10\/ermaabout-450x187.jpg 450w\" sizes=\"auto, (max-width: 900px) 100vw, 900px\" \/><\/p>\n<p>Nuestros procesos de investigaci\u00f3n y desarrollo en nuestros campos y laboratorios altamente equipados nos permite llegar a un nivel de calidad que le permite al agricultor tener una gran experiencia en el transcurso del cultivo con variedades con el mas alto estandar a nivel mundial.<\/p>\n<p>Sabemos que variedades que sobresalen en algunos paises pueden no funcionar como se espera en otros, debido a las diferencias relativas en clima, tipos de suelos, tipo de agua, etc., Por lo tanto trabajamos para desarrollar y producir variedades adecuadas y adaptadas al agricultor que es el corazon de todo lo que aspiramos.<br \/>\nEsto se hace mediante el proceso de breeding y tecnologias de vanguardia logrando llegar a las variedades que nos caracteriza como una empresa de primer nivel mundial que mira siempre hacia al futuro logrando marcar nuevas tendencias que hace que Erma Zaden sea la mejor opcion para el agricultor.<br \/>\nNuestras semillas son h\u00edbridos F1.<br \/>\nEl desarrollo exitoso en nuestros campos experimentales conduce a la mejora de nuestras variedades y adaptaci\u00f3n a las condiciones y necesidades del agricultor basandonos en los cambios y nuevas tendencias de cultivos en los distintos mercados mundiales.<\/p>\n<p>Durante el transcurso de los a\u00f1os, la compa\u00f1\u00eda se ha establecido como una empresa confiable, prometedora e innovadora. Obteniendo resultados y experencia que nos llevo a construir un excelente c\u00edrculo de clientes que buscan la mejor calidad en variedades de hortalizas y es lo que Erma zaden cree y ofrece :<strong> CALIDAD COMO FORMA DE VIDA<\/strong>.<br \/>\nTodas las acciones de Erma Zaden son con plena conciencia del medio ambiente y estamos plenamente comprometidos a seguir por este mismo camino.<\/p>\n<\/div><\/section>\n","protected":false},"excerpt":{"rendered":"","protected":false},"author":1,"featured_media":0,"parent":0,"menu_order":0,"comment_status":"closed","ping_status":"closed","template":"","meta":{"footnotes":""},"class_list":["post-270","page","type-page","status-publish","hentry"],"aioseo_notices":[],"_links":{"self":[{"href":"https:\/\/ermazaden.com\/es\/wp-json\/wp\/v2\/pages\/270","targetHints":{"allow":["GET"]}}],"collection":[{"href":"https:\/\/ermazaden.com\/es\/wp-json\/wp\/v2\/pages"}],"about":[{"href":"https:\/\/ermazaden.com\/es\/wp-json\/wp\/v2\/types\/page"}],"author":[{"embeddable":true,"href":"https:\/\/ermazaden.com\/es\/wp-json\/wp\/v2\/users\/1"}],"replies":[{"embeddable":true,"href":"https:\/\/ermazaden.com\/es\/wp-json\/wp\/v2\/comments?post=270"}],"version-history":[{"count":1,"href":"https:\/\/ermazaden.com\/es\/wp-json\/wp\/v2\/pages\/270\/revisions"}],"predecessor-version":[{"id":563,"href":"https:\/\/ermazaden.com\/es\/wp-json\/wp\/v2\/pages\/270\/revisions\/563"}],"wp:attachment":[{"href":"https:\/\/ermazaden.com\/es\/wp-json\/wp\/v2\/media?parent=270"}],"curies":[{"name":"wp","href":"https:\/\/api.w.org\/{rel}","templated":true}]}}