{"id":348,"date":"2018-10-23T09:49:13","date_gmt":"2018-10-23T08:49:13","guid":{"rendered":"http:\/\/ermazaden.com\/home\/"},"modified":"2019-01-13T18:26:37","modified_gmt":"2019-01-13T18:26:37","slug":"home","status":"publish","type":"page","link":"https:\/\/ermazaden.com\/es\/","title":{"rendered":"Home"},"content":{"rendered":"<div id='full_slider_1'  class='avia-fullwidth-slider main_color avia-shadow  av-mini-hide  avia-builder-el-0  el_before_av_section  avia-builder-el-first   container_wrap sidebar_right'  ><div   data-size='featured'  data-lightbox_size='large'  data-animation='fade'  data-conditional_play=''  data-ids='32,33,34,35,36'  data-video_counter='0'  data-autoplay='true'  data-bg_slider='false'  data-slide_height=''  data-handle='av_slideshow_full'  data-interval='5'  data-class=' '  data-el_id=''  data-css_id=''  data-scroll_down=''  data-control_layout='av-control-default'  data-custom_markup=''  data-perma_caption='aviaTBperma_caption'  data-autoplay_stopper=''  data-image_attachment=''  data-min_height='0px'  data-lazy_loading='disabled'  data-src=''  data-position='top left'  data-repeat='no-repeat'  data-attach='scroll'  data-stretch=''  data-default-height='28.666666666667'  class='avia-slideshow avia-slideshow-1  av-control-default av-default-height-applied avia-slideshow-featured av_slideshow_full   avia-fade-slider '  itemprop=\"image\" itemscope=\"itemscope\" itemtype=\"https:\/\/schema.org\/ImageObject\" ><ul class='avia-slideshow-inner ' style='padding-bottom: 28.666666666667%;' ><li  class=' slide-1 ' ><div data-rel='slideshow-1' class='avia-slide-wrap '   ><img class=\"wp-image-32 avia-img-lazy-loading-not-32\"  src='https:\/\/ermazaden.com\/wp-content\/uploads\/2018\/10\/ermas2-1500x430.jpg' width='1500' height='430' title='ermas2' alt=''  itemprop=\"thumbnailUrl\"   \/><div class='av-section-color-overlay' style='opacity: 0.4; background-color: #000000; '><\/div><\/div><\/li><li  class=' slide-2 ' ><div data-rel='slideshow-1' class='avia-slide-wrap '   ><img class=\"wp-image-33 avia-img-lazy-loading-not-33\"  src='https:\/\/ermazaden.com\/wp-content\/uploads\/2018\/10\/ermas5-1500x430.jpg' width='1500' height='430' title='ermas5' alt=''  itemprop=\"thumbnailUrl\"   \/><div class='av-section-color-overlay' style='opacity: 0.4; background-color: #000000; '><\/div><\/div><\/li><li  class=' slide-3 ' ><div data-rel='slideshow-1' class='avia-slide-wrap '   ><img class=\"wp-image-34 avia-img-lazy-loading-not-34\"  src='https:\/\/ermazaden.com\/wp-content\/uploads\/2018\/10\/ers1-1500x430.jpg' width='1500' height='430' title='ers1' alt=''  itemprop=\"thumbnailUrl\"   \/><div class='av-section-color-overlay' style='opacity: 0.4; background-color: #000000; '><\/div><\/div><\/li><li  class=' slide-4 ' ><div data-rel='slideshow-1' class='avia-slide-wrap '   ><img class=\"wp-image-35 avia-img-lazy-loading-not-35\"  src='https:\/\/ermazaden.com\/wp-content\/uploads\/2018\/10\/ers3-1500x430.jpg' width='1500' height='430' title='ers3' alt=''  itemprop=\"thumbnailUrl\"   \/><div class='av-section-color-overlay' style='opacity: 0.4; background-color: #000000; '><\/div><\/div><\/li><li  class=' slide-5 ' ><div data-rel='slideshow-1' class='avia-slide-wrap '   ><img class=\"wp-image-36 avia-img-lazy-loading-not-36\"  src='https:\/\/ermazaden.com\/wp-content\/uploads\/2018\/10\/ers6-1500x430.jpg' width='1500' height='430' title='ers6' alt=''  itemprop=\"thumbnailUrl\"   \/><div class='av-section-color-overlay' style='opacity: 0.4; background-color: #000000; '><\/div><\/div><\/li><\/ul><div class='avia-slideshow-arrows avia-slideshow-controls' ><a href='#prev' class='prev-slide ' aria-hidden='true' data-av_icon='\ue87c' data-av_iconfont='entypo-fontello' aria-hidden='true' tabindex='-1'>Anterior<\/a><a href='#next' class='next-slide ' aria-hidden='true' data-av_icon='\ue87d' data-av_iconfont='entypo-fontello' aria-hidden='true' tabindex='-1'>Posterior<\/a><\/div><div class='avia-slideshow-dots avia-slideshow-controls'><a href='#1' class='goto-slide active' >1<\/a><a href='#2' class='goto-slide ' >2<\/a><a href='#3' class='goto-slide ' >3<\/a><a href='#4' class='goto-slide ' >4<\/a><a href='#5' class='goto-slide ' >5<\/a><\/div><div class = \"caption_fullwidth av-slideshow-caption caption_center\"><div class = \"container caption_container\"><div class = \"slideshow_caption\"><div class = \"slideshow_inner_caption\"><div class = \"slideshow_align_caption\"><h2  style='font-size:48px; ' class='avia-caption-title  '  itemprop=\"name\" >Erma Zaden<\/h2><div class='avia-caption-content  av_inherit_color'  itemprop=\"description\"   style='font-size:34px; '><p>Calidad como forma de vida<\/p>\n<\/div><\/div><\/div><\/div><\/div><\/div><\/div><\/div>\n\n<style type=\"text\/css\" data-created_by=\"avia_inline_auto\" id=\"style-css-av-jnn93cjq-b98af96003ddd5a50a6128a1fc93e813\">\n.avia-section.av-jnn93cjq-b98af96003ddd5a50a6128a1fc93e813{\nbackground-repeat:no-repeat;\nbackground-image:url(https:\/\/ermazaden.com\/wp-content\/uploads\/2018\/10\/ermanob.jpg);\nbackground-position:0% 0%;\nbackground-attachment:scroll;\n}\n.avia-section.av-jnn93cjq-b98af96003ddd5a50a6128a1fc93e813 .av-section-color-overlay{\nopacity:0.4;\nbackground-color:#000000;\n}\n<\/style>\n<div id='mobtit'  class='avia-section av-jnn93cjq-b98af96003ddd5a50a6128a1fc93e813 main_color avia-section-default avia-no-border-styling  avia-builder-el-1  el_after_av_slideshow_full  el_before_av_section  avia-full-stretch avia-bg-style-scroll av-section-color-overlay-active  av-desktop-hide av-medium-hide av-small-hide av-minimum-height av-minimum-height-50  container_wrap sidebar_right'  data-section-bg-repeat='stretch' data-av_minimum_height_pc='50'><div class='av-section-color-overlay-wrap'><div class=\"av-section-color-overlay\"><\/div><div class='container av-section-cont-open' ><div class='template-page content  av-content-small alpha units'><div class='post-entry post-entry-type-page post-entry-348'><div class='entry-content-wrapper clearfix'>\n\n<style type=\"text\/css\" data-created_by=\"avia_inline_auto\" id=\"style-css-av-jquop4za-49ff4f916a38c94a6e9b516327f06340\">\n#top .av-special-heading.av-jquop4za-49ff4f916a38c94a6e9b516327f06340{\npadding-bottom:10px;\ncolor:#ffffff;\nfont-size:34px;\n}\n.av-special-heading.av-jquop4za-49ff4f916a38c94a6e9b516327f06340 .special-heading-inner-border{\nborder-color:#ffffff;\n}\n.av-special-heading.av-jquop4za-49ff4f916a38c94a6e9b516327f06340 .av-subheading{\nfont-size:21px;\n}\n<\/style>\n<div  class='av-special-heading av-jquop4za-49ff4f916a38c94a6e9b516327f06340 av-special-heading-h2 custom-color-heading blockquote modern-quote modern-centered  avia-builder-el-2  avia-builder-el-no-sibling  av-inherit-size '><h2 class='av-special-heading-tag '  itemprop=\"headline\"  >Erma Zaden<\/h2><div class='av_custom_color av-subheading av-subheading_below '><p>Calidad como forma de vida<\/p>\n<\/div><div class='special-heading-border'><div class='special-heading-inner-border'><\/div><\/div><\/div>\n\n<\/div><\/div><\/div><!-- close content main div --><\/div><\/div><\/div><div id='mainhh'  class='avia-section av-15718-8d7c74f380758c52a3d2900567b78756 main_color avia-section-default avia-no-border-styling  avia-builder-el-3  el_after_av_section  el_before_av_section  avia-bg-style-scroll  container_wrap sidebar_right'  ><div class='container av-section-cont-open' ><div class='template-page content  av-content-small alpha units'><div class='post-entry post-entry-type-page post-entry-348'><div class='entry-content-wrapper clearfix'>\n\n<style type=\"text\/css\" data-created_by=\"avia_inline_auto\" id=\"style-css-av-jqm2p4p5-3e2bc39049ac131f71f9b7643fe03a29\">\n#top .av-special-heading.av-jqm2p4p5-3e2bc39049ac131f71f9b7643fe03a29{\npadding-bottom:10px;\nfont-size:40px;\n}\n.av-special-heading.av-jqm2p4p5-3e2bc39049ac131f71f9b7643fe03a29 .av-subheading{\nfont-size:17px;\n}\n<\/style>\n<div  class='av-special-heading av-jqm2p4p5-3e2bc39049ac131f71f9b7643fe03a29 av-special-heading-h1 blockquote modern-quote modern-centered  avia-builder-el-4  el_before_av_one_third  avia-builder-el-first  av-inherit-size '><h1 class='av-special-heading-tag '  itemprop=\"headline\"  >Erma Zaden semillas de calidad<\/h1><div class='av-subheading av-subheading_below '><p>Erma Zaden fue fundada en 1992 en Holanda.<br \/>\nLa compa\u00f1\u00eda desarrolla, produce y comercializa sus variedades de hortalizas en Europa, Asia, Am\u00e9rica del Norte , Am\u00e9rica Latina, \u00c1frica y Mediterr\u00e1neo.<\/p>\n<\/div><div class='special-heading-border'><div class='special-heading-inner-border'><\/div><\/div><\/div>\n\n<style type=\"text\/css\" data-created_by=\"avia_inline_auto\" id=\"style-css-av-1uyfc-13f18156e4dd05beb2ea6c5a707f4032\">\n.flex_column.av-1uyfc-13f18156e4dd05beb2ea6c5a707f4032{\nborder-radius:0px 0px 0px 0px;\n-webkit-border-radius:0px 0px 0px 0px;\n-moz-border-radius:0px 0px 0px 0px;\n}\n<\/style>\n<div class='flex_column av-1uyfc-13f18156e4dd05beb2ea6c5a707f4032 av_one_third  avia-builder-el-5  el_after_av_heading  el_before_av_one_third  first flex_column_div av-zero-column-padding '   ><style type=\"text\/css\" data-created_by=\"avia_inline_auto\" id=\"style-css-av-jnlk4e8h-d88c864ed1a75dfda0f728dfdd980029\">\n.iconbox.av-jnlk4e8h-d88c864ed1a75dfda0f728dfdd980029 .iconbox_icon{\nbackground-color:#ffffff;\nborder:1px solid #ffffff;\ncolor:#3b8e47;\n}\n<\/style>\n<article  class=\"iconbox iconbox_top av-jnlk4e8h-d88c864ed1a75dfda0f728dfdd980029 av-no-box  avia-builder-el-6  avia-builder-el-no-sibling  \"  itemscope=\"itemscope\" itemtype=\"https:\/\/schema.org\/CreativeWork\" ><div class=\"iconbox_content\"><header class=\"entry-content-header\"><div class=\"iconbox_icon heading-color\" aria-hidden='true' data-av_icon='\ue807' data-av_iconfont='fontello'><\/div><h3 class='iconbox_content_title  '  itemprop=\"headline\" >DESARROLLO DE SEMILLAS<\/h3><\/header><div class='iconbox_content_container  '  itemprop=\"text\" ><p>Nuestras variedades son seleccionadas, desarrolladas y mejoradas para que sean altas en calidad, resistencia, rendimiento, vida post cosecha, maduracion y pureza utilizando una combinacion de anios de experiencia , tecnologias de vanguardia y metodos tradicionales que son ampliamente adecuados a las necesidades de los distintos cultivos y mercados mundiales.<\/p>\n<\/div><\/div><footer class=\"entry-footer\"><\/footer><\/article><\/div>\n<style type=\"text\/css\" data-created_by=\"avia_inline_auto\" id=\"style-css-av-1frtk-d9415f26903387359c6618771a8e6c03\">\n.flex_column.av-1frtk-d9415f26903387359c6618771a8e6c03{\nborder-radius:0px 0px 0px 0px;\n-webkit-border-radius:0px 0px 0px 0px;\n-moz-border-radius:0px 0px 0px 0px;\n}\n<\/style>\n<div class='flex_column av-1frtk-d9415f26903387359c6618771a8e6c03 av_one_third  avia-builder-el-7  el_after_av_one_third  el_before_av_one_third  flex_column_div av-zero-column-padding '   ><style type=\"text\/css\" data-created_by=\"avia_inline_auto\" id=\"style-css-av-jnlk4e8h-66a5e2db92ae1eb95e4e83ebef961b1f\">\n.iconbox.av-jnlk4e8h-66a5e2db92ae1eb95e4e83ebef961b1f .iconbox_icon{\nbackground-color:#ffffff;\nborder:1px solid #ffffff;\ncolor:#3b8e47;\n}\n<\/style>\n<article  class=\"iconbox iconbox_top av-jnlk4e8h-66a5e2db92ae1eb95e4e83ebef961b1f av-no-box  avia-builder-el-8  avia-builder-el-no-sibling  \"  itemscope=\"itemscope\" itemtype=\"https:\/\/schema.org\/CreativeWork\" ><div class=\"iconbox_content\"><header class=\"entry-content-header\"><div class=\"iconbox_icon heading-color\" aria-hidden='true' data-av_icon='\ue804' data-av_iconfont='fontello'><\/div><h3 class='iconbox_content_title  '  itemprop=\"headline\" >produccion de semillas<\/h3><\/header><div class='iconbox_content_container  '  itemprop=\"text\" ><p>Erma Zaden produce sus semillas con los mas altos estandares a nivel mundial ofreciendo al agricultor la mejor calidad ya que es lo Erma Zaden cree: CALIDAD COMO FORMA DE VIDA<\/p>\n<\/div><\/div><footer class=\"entry-footer\"><\/footer><\/article><\/div>\n<style type=\"text\/css\" data-created_by=\"avia_inline_auto\" id=\"style-css-av-w7f8-e4d8234d7eadb9979b1e61f4a49ec0ec\">\n.flex_column.av-w7f8-e4d8234d7eadb9979b1e61f4a49ec0ec{\nborder-radius:0px 0px 0px 0px;\n-webkit-border-radius:0px 0px 0px 0px;\n-moz-border-radius:0px 0px 0px 0px;\n}\n<\/style>\n<div class='flex_column av-w7f8-e4d8234d7eadb9979b1e61f4a49ec0ec av_one_third  avia-builder-el-9  el_after_av_one_third  avia-builder-el-last  flex_column_div av-zero-column-padding '   ><style type=\"text\/css\" data-created_by=\"avia_inline_auto\" id=\"style-css-av-jnlk4e8h-6b0dffa0411c21fcd40d693f849004e0\">\n.iconbox.av-jnlk4e8h-6b0dffa0411c21fcd40d693f849004e0 .iconbox_icon{\nbackground-color:#ffffff;\nborder:1px solid #ffffff;\ncolor:#398e48;\n}\n<\/style>\n<article  class=\"iconbox iconbox_top av-jnlk4e8h-6b0dffa0411c21fcd40d693f849004e0 av-no-box  avia-builder-el-10  avia-builder-el-no-sibling  \"  itemscope=\"itemscope\" itemtype=\"https:\/\/schema.org\/CreativeWork\" ><div class=\"iconbox_content\"><header class=\"entry-content-header\"><div class=\"iconbox_icon heading-color\" aria-hidden='true' data-av_icon='\ue808' data-av_iconfont='fontello'><\/div><h3 class='iconbox_content_title  '  itemprop=\"headline\" >COMERCIALIZACION DE SEMILLAS<\/h3><\/header><div class='iconbox_content_container  '  itemprop=\"text\" ><p>Erma Zaden comercializa sus variedades de hortalizas en Europa, Asia, Am\u00e9rica del Norte , Am\u00e9rica Latina, \u00c1frica y Mediterr\u00e1neo logrando tener prescencia y ser lider a nivel mundial en los distintos cultivos.<\/p>\n<\/div><\/div><footer class=\"entry-footer\"><\/footer><\/article><\/div>\n\n<\/div><\/div><\/div><!-- close content main div --><\/div><\/div>\n<style type=\"text\/css\" data-created_by=\"avia_inline_auto\" id=\"style-css-av-23yvw-cc51c66f017a640bb46d4b84cee55411\">\n.avia-section.av-23yvw-cc51c66f017a640bb46d4b84cee55411 .av-parallax .av-parallax-inner{\nbackground-repeat:no-repeat;\nbackground-image:url(https:\/\/ermazaden.com\/wp-content\/uploads\/2018\/10\/ers6.jpg);\nbackground-position:50% 50%;\nbackground-attachment:scroll;\n}\n.avia-section.av-23yvw-cc51c66f017a640bb46d4b84cee55411 .av-section-color-overlay{\nopacity:0.8;\nbackground-color:#3b8e47;\n}\n<\/style>\n<div id='av_section_3'  class='avia-section av-23yvw-cc51c66f017a640bb46d4b84cee55411 main_color avia-section-default avia-no-border-styling  avia-builder-el-11  el_after_av_section  avia-builder-el-last  av-parallax-section avia-bg-style-parallax av-section-color-overlay-active  container_wrap sidebar_right'  data-section-bg-repeat='no-repeat'><div class='av-parallax' data-avia-parallax-ratio='0.3' ><div class='av-parallax-inner main_color avia-full-stretch'><\/div><\/div><div class='av-section-color-overlay-wrap'><div class=\"av-section-color-overlay\"><\/div><div class='container av-section-cont-open' ><div class='template-page content  av-content-small alpha units'><div class='post-entry post-entry-type-page post-entry-348'><div class='entry-content-wrapper clearfix'>\n\n<style type=\"text\/css\" data-created_by=\"avia_inline_auto\" id=\"style-css-av-1lnjs-948c988babc002305951b4d67377e62b\">\n.flex_column.av-1lnjs-948c988babc002305951b4d67377e62b{\nborder-radius:0px 0px 0px 0px;\n-webkit-border-radius:0px 0px 0px 0px;\n-moz-border-radius:0px 0px 0px 0px;\n}\n<\/style>\n<div class='flex_column av-1lnjs-948c988babc002305951b4d67377e62b av_one_half  avia-builder-el-12  el_before_av_one_half  avia-builder-el-first  first flex_column_div av-zero-column-padding '   ><p>\n<style type=\"text\/css\" data-created_by=\"avia_inline_auto\" id=\"style-css-av-av_heading-d141c7c114f8fc3ac4bb8352abc6ab62\">\n#top .av-special-heading.av-av_heading-d141c7c114f8fc3ac4bb8352abc6ab62{\npadding-bottom:10px;\ncolor:#ffffff;\n}\n.av-special-heading.av-av_heading-d141c7c114f8fc3ac4bb8352abc6ab62 .special-heading-inner-border{\nborder-color:#ffffff;\n}\n<\/style>\n<div  class='av-special-heading av-av_heading-d141c7c114f8fc3ac4bb8352abc6ab62 av-special-heading-h2 custom-color-heading  avia-builder-el-13  el_before_av_image  avia-builder-el-first  '><h2 class='av-special-heading-tag '  itemprop=\"headline\"  >Como Podemos Ayudarte<\/h2><div class='special-heading-border'><div class='special-heading-inner-border'><\/div><\/div><\/div><br \/>\n\n<style type=\"text\/css\" data-created_by=\"avia_inline_auto\" id=\"style-css-av-jqupby47-e48748dfff0d030f62d8781426077ec6\">\n.avia-image-container.av-jqupby47-e48748dfff0d030f62d8781426077ec6 .av-image-caption-overlay-center{\ncolor:#ffffff;\n}\n<\/style>\n<div  class='avia-image-container av-jqupby47-e48748dfff0d030f62d8781426077ec6 av-styling- avia-align-center  avia-builder-el-14  el_after_av_heading  avia-builder-el-last  '  itemprop=\"image\" itemscope=\"itemscope\" itemtype=\"https:\/\/schema.org\/ImageObject\" ><div class=\"avia-image-container-inner\"><div class=\"avia-image-overlay-wrap\"><img class='wp-image-478 avia-img-lazy-loading-not-478 avia_image' src='https:\/\/ermazaden.com\/wp-content\/uploads\/2019\/01\/IMG_0700-e1547371934208.jpg' alt='' title='IMG_0700'  height=\"667\" width=\"1000\"  itemprop=\"thumbnailUrl\"  \/><\/div><\/div><\/div><\/p><\/div>\n<style type=\"text\/css\" data-created_by=\"avia_inline_auto\" id=\"style-css-av-y4sg-906004f9a34b2cf79dfcf60d2b9988b4\">\n.flex_column.av-y4sg-906004f9a34b2cf79dfcf60d2b9988b4{\nborder-radius:0px 0px 0px 0px;\n-webkit-border-radius:0px 0px 0px 0px;\n-moz-border-radius:0px 0px 0px 0px;\n}\n<\/style>\n<div class='flex_column av-y4sg-906004f9a34b2cf79dfcf60d2b9988b4 av_one_half  avia-builder-el-15  el_after_av_one_half  avia-builder-el-last  flex_column_div av-zero-column-padding '   ><form action=\"https:\/\/ermazaden.com\/es\/\" method=\"post\"  class=\"avia_ajax_form av-form-labels-visible   avia-builder-el-16  avia-builder-el-no-sibling   \" data-avia-form-id=\"1\" data-avia-redirect='' ><h3 class=''>Rellene el formulario y nos pondremos en contacto con usted lo antes posible<\/h3><fieldset><p class='  first_form  form_element form_element_half' id='element_avia_1_1'><label for=\"avia_1_1\">Nombre <abbr class=\"required\" title=\"requerido\">*<\/abbr><\/label> <input name=\"avia_1_1\" class=\"text_input is_empty\" type=\"text\" id=\"avia_1_1\" value=\"\" \/><\/p><p class='  form_element form_element_half' id='element_avia_2_1'><label for=\"avia_2_1\">E-Mail <abbr class=\"required\" title=\"requerido\">*<\/abbr><\/label> <input name=\"avia_2_1\" class=\"text_input is_email\" type=\"text\" id=\"avia_2_1\" value=\"\" \/><\/p><p class='  first_form  form_element form_element_half' id='element_avia_3_1'><label for=\"avia_3_1\">Tel\u00e9fono <abbr class=\"required\" title=\"requerido\">*<\/abbr><\/label> <input name=\"avia_3_1\" class=\"text_input is_empty\" type=\"text\" id=\"avia_3_1\" value=\"\" \/><\/p><p class=' form_element form_element_half av-last-visible-form-element' id='element_avia_4_1'><label for=\"avia_4_1\">My Question <abbr class=\"required\" title=\"requerido\">*<\/abbr><\/label> <select  name=\"avia_4_1\" class=\"select is_empty\" id=\"avia_4_1\"><option  value ='General Information'>General Information<\/option><option  value ='Other'>Other<\/option><\/select><\/p><p class=\"hidden\"><input type=\"text\" name=\"avia_5_1\" class=\"hidden \" id=\"avia_5_1\" value=\"\" \/><\/p><p class=\"form_element \"><input type=\"hidden\" value=\"1\" name=\"avia_generated_form1\" \/><input type=\"submit\" value=\"Enviar\" class=\"button\"  data-sending-label=\"Enviando\"\/><\/p><\/fieldset><\/form><div id=\"ajaxresponse_1\" class=\"ajaxresponse ajaxresponse_1 hidden\"><\/div><\/div><\/div><\/div><\/div><!-- close content main div --><\/div><\/div><\/div><div id='after_section_3'  class='main_color av_default_container_wrap container_wrap sidebar_right'  ><div class='container av-section-cont-open' ><div class='template-page content  av-content-small alpha units'><div class='post-entry post-entry-type-page post-entry-348'><div class='entry-content-wrapper clearfix'>\n","protected":false},"excerpt":{"rendered":"","protected":false},"author":1,"featured_media":0,"parent":0,"menu_order":0,"comment_status":"closed","ping_status":"closed","template":"","meta":{"footnotes":""},"class_list":["post-348","page","type-page","status-publish","hentry"],"aioseo_notices":[],"_links":{"self":[{"href":"https:\/\/ermazaden.com\/es\/wp-json\/wp\/v2\/pages\/348","targetHints":{"allow":["GET"]}}],"collection":[{"href":"https:\/\/ermazaden.com\/es\/wp-json\/wp\/v2\/pages"}],"about":[{"href":"https:\/\/ermazaden.com\/es\/wp-json\/wp\/v2\/types\/page"}],"author":[{"embeddable":true,"href":"https:\/\/ermazaden.com\/es\/wp-json\/wp\/v2\/users\/1"}],"replies":[{"embeddable":true,"href":"https:\/\/ermazaden.com\/es\/wp-json\/wp\/v2\/comments?post=348"}],"version-history":[{"count":2,"href":"https:\/\/ermazaden.com\/es\/wp-json\/wp\/v2\/pages\/348\/revisions"}],"predecessor-version":[{"id":507,"href":"https:\/\/ermazaden.com\/es\/wp-json\/wp\/v2\/pages\/348\/revisions\/507"}],"wp:attachment":[{"href":"https:\/\/ermazaden.com\/es\/wp-json\/wp\/v2\/media?parent=348"}],"curies":[{"name":"wp","href":"https:\/\/api.w.org\/{rel}","templated":true}]}}